{"id":2642,"date":"2025-06-22T16:36:45","date_gmt":"2025-06-22T14:36:45","guid":{"rendered":"https:\/\/lasestacionesdelaermita.es\/?page_id=2642"},"modified":"2025-07-09T01:34:04","modified_gmt":"2025-07-08T23:34:04","slug":"novedades","status":"publish","type":"page","link":"https:\/\/lasestacionesdelaermita.es\/en\/novedades\/","title":{"rendered":"What&#039;s new"},"content":{"rendered":"<div class=\"wp-block-uagb-container uagb-block-e2kbdcnh alignfull uagb-is-root-container\"><div class=\"uagb-container-inner-blocks-wrap\"><\/div><\/div>\n\n\n\n<div class=\"wp-block-stackable-spacer stk-block-spacer stk--no-padding stk-block stk-ae20738\" data-block-id=\"ae20738\"><\/div>\n\n\n\n\t\t\t<div class=\"wp-block-uagb-post-grid uagb-post-grid  uagb-post__image-position-top uagb-post__image-enabled uagb-block-abf094de     uagb-post__items uagb-post__columns-3 is-grid uagb-post__columns-tablet-2 uagb-post__columns-mobile-1 uagb-post__equal-height\" data-total=\"1\" style=\"\">\n\n\t\t\t\t\t\t\t\t\t\t\t\t<article class=\"uagb-post__inner-wrap\">\t\t\t\t\t\t\t\t<div class='uagb-post__image'>\n\t\t\t\t\t\t\t\t\t<a href=\"https:\/\/lasestacionesdelaermita.es\/en\/celebra-tus-momentos-especiales-en-las-estaciones-de-la-ermita\/\" target=\"_self\" rel=\"bookmark noopener noreferrer\" class='uagb-image-ratio-inherit'><img loading=\"lazy\" decoding=\"async\" width=\"800\" height=\"800\" src=\"https:\/\/lasestacionesdelaermita.es\/wp-content\/uploads\/2025\/10\/Menus-para-Eventos.png\" class=\"attachment-large size-large\" alt=\"\" srcset=\"https:\/\/lasestacionesdelaermita.es\/wp-content\/uploads\/2025\/10\/Menus-para-Eventos.png 800w, https:\/\/lasestacionesdelaermita.es\/wp-content\/uploads\/2025\/10\/Menus-para-Eventos-300x300.png 300w, https:\/\/lasestacionesdelaermita.es\/wp-content\/uploads\/2025\/10\/Menus-para-Eventos-150x150.png 150w, https:\/\/lasestacionesdelaermita.es\/wp-content\/uploads\/2025\/10\/Menus-para-Eventos-768x768.png 768w, https:\/\/lasestacionesdelaermita.es\/wp-content\/uploads\/2025\/10\/Menus-para-Eventos-12x12.png 12w\" sizes=\"auto, (max-width: 800px) 100vw, 800px\" \/>\t\t\t\t\t<\/a>\n\t\t\t\t\t\t\t<\/div>\n\t\t\t\t\t\t<h4 class=\"uagb-post__title uagb-post__text\">\n\t\t\t\t<a href=\"https:\/\/lasestacionesdelaermita.es\/en\/celebra-tus-momentos-especiales-en-las-estaciones-de-la-ermita\/\" target=\"_self\" rel=\"bookmark noopener noreferrer\">Celebra tus momentos especiales en Las Estaciones de la Ermita<\/a>\n\t\t\t<\/h4>\n\t\t\t\t\t\t<div class='uagb-post__text uagb-post-grid-byline'>\n\t\t\t\t\t\t\t<\/div>\n\t\t\t\t\t\t\t<div class='uagb-post__text uagb-post__excerpt'>\n\t\t\t\t\t<p>Men\u00fas para eventos y celebraciones en Las Estaciones de la Ermita En Las Estaciones de la Ermita creemos que cada celebraci\u00f3n merece un sabor \u00fanico.Por eso, hemos preparado&#8230;\t\t\t\t<\/div>\n\t\t\t\t\t\t<div class=\"uagb-post__text uagb-post__cta wp-block-button\">\n\t\t\t\t<a class=\"wp-block-button__link uagb-text-link\" style=\"\" href=\"https:\/\/lasestacionesdelaermita.es\/en\/celebra-tus-momentos-especiales-en-las-estaciones-de-la-ermita\/\" target=\"_self\" rel=\"bookmark noopener noreferrer\">Read More<\/a>\n\t\t\t<\/div>\n\t\t\t\n\t\t\t\t\t\t\t\t\t<\/article>\n\t\t\t\t\t\t\t\t\t\t\t\t\t\t\t\t<article class=\"uagb-post__inner-wrap\">\t\t\t\t\t\t\t\t<div class='uagb-post__image'>\n\t\t\t\t\t\t\t\t\t<a href=\"https:\/\/lasestacionesdelaermita.es\/en\/%f0%9f%8c%8d-nueva-experiencia-gastronomica-en-las-estaciones-de-la-ermita\/\" target=\"_self\" rel=\"bookmark noopener noreferrer\" class='uagb-image-ratio-inherit'><img loading=\"lazy\" decoding=\"async\" width=\"800\" height=\"800\" src=\"https:\/\/lasestacionesdelaermita.es\/wp-content\/uploads\/2025\/10\/Las-Estaciones-de-La-Ermita.png\" class=\"attachment-large size-large\" alt=\"\" srcset=\"https:\/\/lasestacionesdelaermita.es\/wp-content\/uploads\/2025\/10\/Las-Estaciones-de-La-Ermita.png 800w, https:\/\/lasestacionesdelaermita.es\/wp-content\/uploads\/2025\/10\/Las-Estaciones-de-La-Ermita-300x300.png 300w, https:\/\/lasestacionesdelaermita.es\/wp-content\/uploads\/2025\/10\/Las-Estaciones-de-La-Ermita-150x150.png 150w, https:\/\/lasestacionesdelaermita.es\/wp-content\/uploads\/2025\/10\/Las-Estaciones-de-La-Ermita-768x768.png 768w, https:\/\/lasestacionesdelaermita.es\/wp-content\/uploads\/2025\/10\/Las-Estaciones-de-La-Ermita-12x12.png 12w\" sizes=\"auto, (max-width: 800px) 100vw, 800px\" \/>\t\t\t\t\t<\/a>\n\t\t\t\t\t\t\t<\/div>\n\t\t\t\t\t\t<h4 class=\"uagb-post__title uagb-post__text\">\n\t\t\t\t<a href=\"https:\/\/lasestacionesdelaermita.es\/en\/%f0%9f%8c%8d-nueva-experiencia-gastronomica-en-las-estaciones-de-la-ermita\/\" target=\"_self\" rel=\"bookmark noopener noreferrer\">\ud83c\udf0d \u00a1Nueva Experiencia Gastron\u00f3mica en Las Estaciones de la Ermita!<\/a>\n\t\t\t<\/h4>\n\t\t\t\t\t\t<div class='uagb-post__text uagb-post-grid-byline'>\n\t\t\t\t\t\t\t<\/div>\n\t\t\t\t\t\t\t<div class='uagb-post__text uagb-post__excerpt'>\n\t\t\t\t\t<p>\ud83c\udf0d \u00a1Nueva Experiencia Gastron\u00f3mica en Las Estaciones de la Ermita! Nuevos platos, nuevas emociones Una vuelta al mundo sin salir de San Roque \u00a1La espera ha terminado! A&#8230;\t\t\t\t<\/div>\n\t\t\t\t\t\t<div class=\"uagb-post__text uagb-post__cta wp-block-button\">\n\t\t\t\t<a class=\"wp-block-button__link uagb-text-link\" style=\"\" href=\"https:\/\/lasestacionesdelaermita.es\/en\/%f0%9f%8c%8d-nueva-experiencia-gastronomica-en-las-estaciones-de-la-ermita\/\" target=\"_self\" rel=\"bookmark noopener noreferrer\">Read More<\/a>\n\t\t\t<\/div>\n\t\t\t\n\t\t\t\t\t\t\t\t\t<\/article>\n\t\t\t\t\t\t\t\t\t\t\t\t\t\t\t\t<article class=\"uagb-post__inner-wrap\">\t\t\t\t\t\t\t\t<div class='uagb-post__image'>\n\t\t\t\t\t\t\t\t\t<a href=\"https:\/\/lasestacionesdelaermita.es\/en\/tu-rincon-favorito-al-aire-libre-en-san-roque\/\" target=\"_self\" rel=\"bookmark noopener noreferrer\" class='uagb-image-ratio-inherit'><img loading=\"lazy\" decoding=\"async\" width=\"1024\" height=\"1024\" src=\"https:\/\/lasestacionesdelaermita.es\/wp-content\/uploads\/2025\/06\/ChatGPT-Image-22-jun-2025-19_30_42.png\" class=\"attachment-large size-large\" alt=\"\" srcset=\"https:\/\/lasestacionesdelaermita.es\/wp-content\/uploads\/2025\/06\/ChatGPT-Image-22-jun-2025-19_30_42.png 1024w, https:\/\/lasestacionesdelaermita.es\/wp-content\/uploads\/2025\/06\/ChatGPT-Image-22-jun-2025-19_30_42-300x300.png 300w, https:\/\/lasestacionesdelaermita.es\/wp-content\/uploads\/2025\/06\/ChatGPT-Image-22-jun-2025-19_30_42-150x150.png 150w, https:\/\/lasestacionesdelaermita.es\/wp-content\/uploads\/2025\/06\/ChatGPT-Image-22-jun-2025-19_30_42-768x768.png 768w, https:\/\/lasestacionesdelaermita.es\/wp-content\/uploads\/2025\/06\/ChatGPT-Image-22-jun-2025-19_30_42-12x12.png 12w\" sizes=\"auto, (max-width: 1024px) 100vw, 1024px\" \/>\t\t\t\t\t<\/a>\n\t\t\t\t\t\t\t<\/div>\n\t\t\t\t\t\t<h4 class=\"uagb-post__title uagb-post__text\">\n\t\t\t\t<a href=\"https:\/\/lasestacionesdelaermita.es\/en\/tu-rincon-favorito-al-aire-libre-en-san-roque\/\" target=\"_self\" rel=\"bookmark noopener noreferrer\">Your favorite open-air corner in San Roque<\/a>\n\t\t\t<\/h4>\n\t\t\t\t\t\t<div class='uagb-post__text uagb-post-grid-byline'>\n\t\t\t\t\t\t\t<\/div>\n\t\t\t\t\t\t\t<div class='uagb-post__text uagb-post__excerpt'>\n\t\t\t\t\t<p>Your favorite outdoor spot in San Roque\nWith the arrival of good weather, some plans are simply more enjoyable outdoors. At Las Estaciones\u2026\t\t\t\t<\/div>\n\t\t\t\t\t\t<div class=\"uagb-post__text uagb-post__cta wp-block-button\">\n\t\t\t\t<a class=\"wp-block-button__link uagb-text-link\" style=\"\" href=\"https:\/\/lasestacionesdelaermita.es\/en\/tu-rincon-favorito-al-aire-libre-en-san-roque\/\" target=\"_self\" rel=\"bookmark noopener noreferrer\">Read More<\/a>\n\t\t\t<\/div>\n\t\t\t\n\t\t\t\t\t\t\t\t\t<\/article>\n\t\t\t\t\t\t\t\t\t\t\t\t\t\t\t\t<article class=\"uagb-post__inner-wrap\">\t\t\t\t\t\t\t\t<div class='uagb-post__image'>\n\t\t\t\t\t\t\t\t\t<a href=\"https:\/\/lasestacionesdelaermita.es\/en\/2651-2\/\" target=\"_self\" rel=\"bookmark noopener noreferrer\" class='uagb-image-ratio-inherit'><img loading=\"lazy\" decoding=\"async\" width=\"800\" height=\"800\" src=\"https:\/\/lasestacionesdelaermita.es\/wp-content\/uploads\/2025\/06\/\ud83c\udf1f-SANCOCHO-TRADICIONAL1.png\" class=\"attachment-large size-large\" alt=\"\" srcset=\"https:\/\/lasestacionesdelaermita.es\/wp-content\/uploads\/2025\/06\/\ud83c\udf1f-SANCOCHO-TRADICIONAL1.png 800w, https:\/\/lasestacionesdelaermita.es\/wp-content\/uploads\/2025\/06\/\ud83c\udf1f-SANCOCHO-TRADICIONAL1-300x300.png 300w, https:\/\/lasestacionesdelaermita.es\/wp-content\/uploads\/2025\/06\/\ud83c\udf1f-SANCOCHO-TRADICIONAL1-150x150.png 150w, https:\/\/lasestacionesdelaermita.es\/wp-content\/uploads\/2025\/06\/\ud83c\udf1f-SANCOCHO-TRADICIONAL1-768x768.png 768w, https:\/\/lasestacionesdelaermita.es\/wp-content\/uploads\/2025\/06\/\ud83c\udf1f-SANCOCHO-TRADICIONAL1-12x12.png 12w\" sizes=\"auto, (max-width: 800px) 100vw, 800px\" \/>\t\t\t\t\t<\/a>\n\t\t\t\t\t\t\t<\/div>\n\t\t\t\t\t\t<h4 class=\"uagb-post__title uagb-post__text\">\n\t\t\t\t<a href=\"https:\/\/lasestacionesdelaermita.es\/en\/2651-2\/\" target=\"_self\" rel=\"bookmark noopener noreferrer\">Authentic Dominican Food<\/a>\n\t\t\t<\/h4>\n\t\t\t\t\t\t<div class='uagb-post__text uagb-post-grid-byline'>\n\t\t\t\t\t\t\t<\/div>\n\t\t\t\t\t\t\t<div class='uagb-post__text uagb-post__excerpt'>\n\t\t\t\t\t<p>Flavors that tell stories\nIf there\u2019s one thing that defines the Dominican Republic\u2014besides its paradise beaches and warm-hearted people\u2014it\u2019s the food: an explosion of flavor\u2026\t\t\t\t<\/div>\n\t\t\t\t\t\t<div class=\"uagb-post__text uagb-post__cta wp-block-button\">\n\t\t\t\t<a class=\"wp-block-button__link uagb-text-link\" style=\"\" href=\"https:\/\/lasestacionesdelaermita.es\/en\/2651-2\/\" target=\"_self\" rel=\"bookmark noopener noreferrer\">Read More<\/a>\n\t\t\t<\/div>\n\t\t\t\n\t\t\t\t\t\t\t\t\t<\/article>\n\t\t\t\t\t\t\t\t\t\t\t\t\t\t\t\t<article class=\"uagb-post__inner-wrap\">\t\t\t\t\t\t\t\t<div class='uagb-post__image'>\n\t\t\t\t\t\t\t\t\t<a href=\"https:\/\/lasestacionesdelaermita.es\/en\/2342-2\/\" target=\"_self\" rel=\"bookmark noopener noreferrer\" class='uagb-image-ratio-inherit'><img loading=\"lazy\" decoding=\"async\" width=\"1024\" height=\"1024\" src=\"https:\/\/lasestacionesdelaermita.es\/wp-content\/uploads\/2025\/06\/ChatGPT-Image-22-jun-2025-17_40_59-1.png\" class=\"attachment-large size-large\" alt=\"\" srcset=\"https:\/\/lasestacionesdelaermita.es\/wp-content\/uploads\/2025\/06\/ChatGPT-Image-22-jun-2025-17_40_59-1.png 1024w, https:\/\/lasestacionesdelaermita.es\/wp-content\/uploads\/2025\/06\/ChatGPT-Image-22-jun-2025-17_40_59-1-300x300.png 300w, https:\/\/lasestacionesdelaermita.es\/wp-content\/uploads\/2025\/06\/ChatGPT-Image-22-jun-2025-17_40_59-1-150x150.png 150w, https:\/\/lasestacionesdelaermita.es\/wp-content\/uploads\/2025\/06\/ChatGPT-Image-22-jun-2025-17_40_59-1-768x768.png 768w, https:\/\/lasestacionesdelaermita.es\/wp-content\/uploads\/2025\/06\/ChatGPT-Image-22-jun-2025-17_40_59-1-12x12.png 12w\" sizes=\"auto, (max-width: 1024px) 100vw, 1024px\" \/>\t\t\t\t\t<\/a>\n\t\t\t\t\t\t\t<\/div>\n\t\t\t\t\t\t<h4 class=\"uagb-post__title uagb-post__text\">\n\t\t\t\t<a href=\"https:\/\/lasestacionesdelaermita.es\/en\/2342-2\/\" target=\"_self\" rel=\"bookmark noopener noreferrer\">Wine tasting<\/a>\n\t\t\t<\/h4>\n\t\t\t\t\t\t<div class='uagb-post__text uagb-post-grid-byline'>\n\t\t\t\t\t\t\t<\/div>\n\t\t\t\t\t\t\t<div class='uagb-post__text uagb-post__excerpt'>\n\t\t\t\t\t<p>Free Wine Tasting\nDiscover, enjoy, and toast with us this Thursday\nLas Estaciones de la Ermita \u2013 June 5th at 8:30 PM\nThis Thursday, June 5th\u2026\t\t\t\t<\/div>\n\t\t\t\t\t\t<div class=\"uagb-post__text uagb-post__cta wp-block-button\">\n\t\t\t\t<a class=\"wp-block-button__link uagb-text-link\" style=\"\" href=\"https:\/\/lasestacionesdelaermita.es\/en\/2342-2\/\" target=\"_self\" rel=\"bookmark noopener noreferrer\">Read More<\/a>\n\t\t\t<\/div>\n\t\t\t\n\t\t\t\t\t\t\t\t\t<\/article>\n\t\t\t\t\t\t\t\t\t\t\t<\/div>","protected":false},"excerpt":{"rendered":"","protected":false},"author":1,"featured_media":3074,"parent":0,"menu_order":0,"comment_status":"closed","ping_status":"closed","template":"","meta":{"_uag_custom_page_level_css":"","site-sidebar-layout":"no-sidebar","site-content-layout":"","ast-site-content-layout":"normal-width-container","site-content-style":"unboxed","site-sidebar-style":"unboxed","ast-global-header-display":"","ast-banner-title-visibility":"","ast-main-header-display":"","ast-hfb-above-header-display":"","ast-hfb-below-header-display":"","ast-hfb-mobile-header-display":"","site-post-title":"disabled","ast-breadcrumbs-content":"","ast-featured-img":"disabled","footer-sml-layout":"","theme-transparent-header-meta":"enabled","adv-header-id-meta":"","stick-header-meta":"","header-above-stick-meta":"","header-main-stick-meta":"","header-below-stick-meta":"","astra-migrate-meta-layouts":"set","ast-page-background-enabled":"default","ast-page-background-meta":{"desktop":{"background-color":"","background-image":"","background-repeat":"repeat","background-position":"center center","background-size":"auto","background-attachment":"scroll","background-type":"","background-media":"","overlay-type":"","overlay-color":"","overlay-opacity":"","overlay-gradient":""},"tablet":{"background-color":"","background-image":"","background-repeat":"repeat","background-position":"center center","background-size":"auto","background-attachment":"scroll","background-type":"","background-media":"","overlay-type":"","overlay-color":"","overlay-opacity":"","overlay-gradient":""},"mobile":{"background-color":"","background-image":"","background-repeat":"repeat","background-position":"center center","background-size":"auto","background-attachment":"scroll","background-type":"","background-media":"","overlay-type":"","overlay-color":"","overlay-opacity":"","overlay-gradient":""}},"ast-content-background-meta":{"desktop":{"background-color":"var(--ast-global-color-5)","background-image":"","background-repeat":"repeat","background-position":"center center","background-size":"auto","background-attachment":"scroll","background-type":"","background-media":"","overlay-type":"","overlay-color":"","overlay-opacity":"","overlay-gradient":""},"tablet":{"background-color":"var(--ast-global-color-5)","background-image":"","background-repeat":"repeat","background-position":"center center","background-size":"auto","background-attachment":"scroll","background-type":"","background-media":"","overlay-type":"","overlay-color":"","overlay-opacity":"","overlay-gradient":""},"mobile":{"background-color":"var(--ast-global-color-5)","background-image":"","background-repeat":"repeat","background-position":"center center","background-size":"auto","background-attachment":"scroll","background-type":"","background-media":"","overlay-type":"","overlay-color":"","overlay-opacity":"","overlay-gradient":""}},"footnotes":""},"class_list":["post-2642","page","type-page","status-publish","has-post-thumbnail","hentry"],"uagb_featured_image_src":{"full":["https:\/\/lasestacionesdelaermita.es\/wp-content\/uploads\/2025\/07\/ChatGPT-Image-9-jul-2025-01_01_36.png",1024,1024,false],"thumbnail":["https:\/\/lasestacionesdelaermita.es\/wp-content\/uploads\/2025\/07\/ChatGPT-Image-9-jul-2025-01_01_36-150x150.png",150,150,true],"medium":["https:\/\/lasestacionesdelaermita.es\/wp-content\/uploads\/2025\/07\/ChatGPT-Image-9-jul-2025-01_01_36-300x300.png",300,300,true],"medium_large":["https:\/\/lasestacionesdelaermita.es\/wp-content\/uploads\/2025\/07\/ChatGPT-Image-9-jul-2025-01_01_36-768x768.png",768,768,true],"large":["https:\/\/lasestacionesdelaermita.es\/wp-content\/uploads\/2025\/07\/ChatGPT-Image-9-jul-2025-01_01_36.png",1024,1024,false],"1536x1536":["https:\/\/lasestacionesdelaermita.es\/wp-content\/uploads\/2025\/07\/ChatGPT-Image-9-jul-2025-01_01_36.png",1024,1024,false],"2048x2048":["https:\/\/lasestacionesdelaermita.es\/wp-content\/uploads\/2025\/07\/ChatGPT-Image-9-jul-2025-01_01_36.png",1024,1024,false],"trp-custom-language-flag":["https:\/\/lasestacionesdelaermita.es\/wp-content\/uploads\/2025\/07\/ChatGPT-Image-9-jul-2025-01_01_36-12x12.png",12,12,true]},"uagb_author_info":{"display_name":"palenciapatricia88","author_link":"https:\/\/lasestacionesdelaermita.es\/en\/author\/palenciapatricia88\/"},"uagb_comment_info":0,"uagb_excerpt":null,"_links":{"self":[{"href":"https:\/\/lasestacionesdelaermita.es\/en\/wp-json\/wp\/v2\/pages\/2642","targetHints":{"allow":["GET"]}}],"collection":[{"href":"https:\/\/lasestacionesdelaermita.es\/en\/wp-json\/wp\/v2\/pages"}],"about":[{"href":"https:\/\/lasestacionesdelaermita.es\/en\/wp-json\/wp\/v2\/types\/page"}],"author":[{"embeddable":true,"href":"https:\/\/lasestacionesdelaermita.es\/en\/wp-json\/wp\/v2\/users\/1"}],"replies":[{"embeddable":true,"href":"https:\/\/lasestacionesdelaermita.es\/en\/wp-json\/wp\/v2\/comments?post=2642"}],"version-history":[{"count":14,"href":"https:\/\/lasestacionesdelaermita.es\/en\/wp-json\/wp\/v2\/pages\/2642\/revisions"}],"predecessor-version":[{"id":3321,"href":"https:\/\/lasestacionesdelaermita.es\/en\/wp-json\/wp\/v2\/pages\/2642\/revisions\/3321"}],"wp:featuredmedia":[{"embeddable":true,"href":"https:\/\/lasestacionesdelaermita.es\/en\/wp-json\/wp\/v2\/media\/3074"}],"wp:attachment":[{"href":"https:\/\/lasestacionesdelaermita.es\/en\/wp-json\/wp\/v2\/media?parent=2642"}],"curies":[{"name":"wp","href":"https:\/\/api.w.org\/{rel}","templated":true}]}}