{"id":376,"date":"2025-05-29T09:07:26","date_gmt":"2025-05-29T07:07:26","guid":{"rendered":"https:\/\/palevioletred-crab-220466.hostingersite.com\/contact\/"},"modified":"2025-09-09T10:05:46","modified_gmt":"2025-09-09T08:05:46","slug":"contacto","status":"publish","type":"page","link":"https:\/\/lasestacionesdelaermita.es\/en\/contacto\/","title":{"rendered":"Contact"},"content":{"rendered":"<div class=\"wp-block-uagb-container uagb-block-6713fa98 alignfull uagb-is-root-container\"><div class=\"uagb-container-inner-blocks-wrap\">\n<div class=\"wp-block-uagb-info-box uagb-block-d49ee7a5 uagb-infobox__content-wrap  uagb-infobox-icon-above-title uagb-infobox-image-valign-top\"><div class=\"uagb-ifb-content\"><div class=\"uagb-ifb-title-wrap\"><h1 class=\"uagb-ifb-title\">Contact<\/h1><\/div><p class=\"uagb-ifb-desc\">Do you want to make a reservation or get in contact with us?<br>Here you will find all the information and a form for contacting us directly. We will be happy to assist you.<\/p><\/div><\/div>\n<\/div><\/div>\n\n\n\n<div class=\"wp-block-uagb-advanced-heading uagb-block-d2eddd63\"><h2 class=\"uagb-heading-text\">Bookings<\/h2><\/div>\n\n\n\n<div class=\"wp-block-stackable-columns stk-block-columns stk-block stk-142dfb9\" data-block-id=\"142dfb9\"><div class=\"stk-row stk-inner-blocks stk-block-content stk-content-align stk-142dfb9-column\">\n<div class=\"wp-block-stackable-column stk-block-column stk-column stk-block stk-060ff70\" data-v=\"4\" data-block-id=\"060ff70\"><style>@media screen and (min-width: 768px){.stk-060ff70 {flex:var(--stk-flex-grow, 1) 1 calc(18% - var(--stk-column-gap, 0px) * 2 \/ 3 ) !important;}}<\/style><div class=\"stk-column-wrapper stk-block-column__content stk-container stk-060ff70-container stk--no-background stk--no-padding\"><div class=\"stk-block-content stk-inner-blocks stk-060ff70-inner-blocks\"><\/div><\/div><\/div>\n\n\n\n<div class=\"wp-block-stackable-column stk-block-column stk-column stk-block stk-a45d73f\" data-v=\"4\" data-block-id=\"a45d73f\"><style>.stk-a45d73f {border-top-left-radius:20px !important;border-top-right-radius:20px !important;border-bottom-right-radius:20px !important;border-bottom-left-radius:20px !important;overflow:hidden !important;box-shadow:0px 2px 20px 0px var(--ast-global-color-6) !important;border-style:solid !important;border-color:#7bdcb5 !important;border-top-width:1px !important;border-right-width:1px !important;border-bottom-width:1px !important;border-left-width:1px !important;}@media screen and (min-width: 768px){.stk-a45d73f {flex:var(--stk-flex-grow, 1) 1 calc(64% - var(--stk-column-gap, 0px) * 2 \/ 3 ) !important;}}<\/style><div class=\"stk-column-wrapper stk-block-column__content stk-container stk-a45d73f-container stk--no-background stk--no-padding\"><div class=\"stk-block-content stk-inner-blocks stk-a45d73f-inner-blocks\"><div class=\"forminator-ui forminator-custom-form forminator-custom-form-2915 forminator-design--default  forminator_ajax\" data-forminator-render=\"0\" data-form=\"forminator-module-2915\" data-uid=\"69dd34a9ef641\"><br\/><\/div><form\n\t\t\t\tid=\"forminator-module-2915\"\n\t\t\t\tclass=\"forminator-ui forminator-custom-form forminator-custom-form-2915 forminator-design--default  forminator_ajax\"\n\t\t\t\tmethod=\"post\"\n\t\t\t\tdata-forminator-render=\"0\"\n\t\t\t\tdata-form-id=\"2915\"\n\t\t\t\t data-color-option=\"theme\" data-design=\"default\" data-grid=\"open\" style=\"display: none;\"\n\t\t\t\tdata-uid=\"69dd34a9ef641\" action=\"\"\n\t\t\t><div role=\"alert\" aria-live=\"polite\" class=\"forminator-response-message forminator-error\" aria-hidden=\"true\"><\/div><div class=\"forminator-row\"><div id=\"name-1\" class=\"forminator-field-name forminator-col forminator-col-6\"><div class=\"forminator-field\"><label for=\"forminator-field-name-1_69dd34a9ef641\" id=\"forminator-field-name-1_69dd34a9ef641-label\" class=\"forminator-label\">Name <span class=\"forminator-required\">*<\/span><\/label><input type=\"text\" name=\"name-1\" value=\"\" placeholder=\"\" id=\"forminator-field-name-1_69dd34a9ef641\" class=\"forminator-input forminator-name--field\" aria-required=\"true\" autocomplete=\"name\" \/><\/div><\/div><div id=\"phone-1\" class=\"forminator-field-phone forminator-col forminator-col-6\"><div class=\"forminator-field\"><label for=\"forminator-field-phone-1_69dd34a9ef641\" id=\"forminator-field-phone-1_69dd34a9ef641-label\" class=\"forminator-label\">Phone <span class=\"forminator-required\">*<\/span><\/label><input type=\"text\" name=\"phone-1\" value=\"\" placeholder=\"\" id=\"forminator-field-phone-1_69dd34a9ef641\" class=\"forminator-input forminator-field--phone\" data-required=\"1\" aria-required=\"true\" autocomplete=\"off\" \/><\/div><\/div><\/div><div class=\"forminator-row\"><div id=\"email-1\" class=\"forminator-field-email forminator-col forminator-col-12\"><div class=\"forminator-field\"><label for=\"forminator-field-email-1_69dd34a9ef641\" id=\"forminator-field-email-1_69dd34a9ef641-label\" class=\"forminator-label\">E-mail <span class=\"forminator-required\">*<\/span><\/label><input type=\"email\" name=\"email-1\" value=\"\" placeholder=\"\" id=\"forminator-field-email-1_69dd34a9ef641\" class=\"forminator-input forminator-email--field\" data-required=\"1\" aria-required=\"true\" autocomplete=\"email\" \/><\/div><\/div><\/div><div class=\"forminator-row\"><div id=\"date-1\" class=\"forminator-field-date forminator-col forminator-col-12\"><div class=\"forminator-field\"><label for=\"forminator-field-date-1-picker_69dd34a9ef641\" id=\"forminator-field-date-1-picker_69dd34a9ef641-label\" class=\"forminator-label\">Date <span class=\"forminator-required\">*<\/span><\/label><div class=\"forminator-input-with-icon\"><span class=\"forminator-icon-calendar\" aria-hidden=\"true\"><\/span><input autocomplete=\"off\" type=\"text\" size=\"1\" name=\"date-1\" value=\"\" placeholder=\"Please select a Day\" id=\"forminator-field-date-1-picker_69dd34a9ef641\" class=\"forminator-input forminator-datepicker\" data-required=\"1\" data-format=\"dd-mm-yy\" data-restrict-type=\"\" data-restrict=\"\" data-start-year=\"1926\" data-end-year=\"2126\" data-past-dates=\"enable\" data-start-of-week=\"1\" data-start-date=\"\" data-end-date=\"\" data-start-field=\"\" data-end-field=\"\" data-start-offset=\"\" data-end-offset=\"\" data-disable-date=\"\" data-disable-range=\"\" \/><\/div><\/div><\/div><\/div><div class=\"forminator-row\"><div id=\"select-1\" class=\"forminator-field-select forminator-col forminator-col-12\"><div class=\"forminator-field\"><label for=\"forminator-form-2915__field--select-1_69dd34a9ef641\" id=\"forminator-form-2915__field--select-1_69dd34a9ef641-label\" class=\"forminator-label\">Select Time <span class=\"forminator-required\">*<\/span><\/label><span id=\"forminator-form-2915__field--select-1_69dd34a9ef641-description\" class=\"forminator-description\"><strong>La ocupaci\u00f3n de la mesa ser\u00e1 m\u00e1ximo de una hora y media<\/strong> Gracias !<\/span><select multiple id=\"forminator-form-2915__field--select-1_69dd34a9ef641\" class=\"forminator-select--field forminator-select2 forminator-select2-multiple\" data-required=\"1\" name=\"select-1[]\" data-default-value=\"\" data-hidden-behavior=\"zero\" data-placeholder=\"Please select an option\" data-search=\"false\" data-search-placeholder=\"Search\" data-checkbox=\"false\" data-allow-clear=\"true\" aria-labelledby=\"forminator-form-2915__field--select-1_69dd34a9ef641-label\" aria-describedby=\"forminator-form-2915__field--select-1_69dd34a9ef641-description\"><option value=\"Seleccione-Horario\"  data-calculation=\"0\">Select Time<\/option><option value=\"one\"  data-calculation=\"0\">12:30 - 13:00<\/option><option value=\"two\"  data-calculation=\"0\">13:00 - 13:30<\/option><option value=\"20:30---22:00\"  data-calculation=\"0\">13:30 - 14:00<\/option><option value=\"22:00---23:30\"  data-calculation=\"0\">14:00 - 14:30<\/option><option value=\"14:30---15:00\"  data-calculation=\"0\">14:30 - 15:00<\/option><option value=\"20:30---21:00\"  data-calculation=\"0\">20:30 - 21:00<\/option><option value=\"21:00---21:30\"  data-calculation=\"0\">21:00 - 21:30<\/option><option value=\"21:30---22:00\"  data-calculation=\"0\">21:30 - 22:00<\/option><option value=\"22:00---22:30\"  data-calculation=\"0\">22:00 - 22:30<\/option><\/select><\/div><\/div><\/div><div class=\"forminator-row\"><div id=\"textarea-1\" class=\"forminator-field-textarea forminator-col forminator-col-12\"><div class=\"forminator-field\"><label for=\"forminator-field-textarea-1_69dd34a9ef641\" id=\"forminator-field-textarea-1_69dd34a9ef641-label\" class=\"forminator-label\">Message (Optional)<\/label><textarea name=\"textarea-1\" placeholder=\"\" id=\"forminator-field-textarea-1_69dd34a9ef641\" class=\"forminator-textarea\" rows=\"6\" style=\"min-height:140px;\" ><\/textarea><\/div><\/div><\/div><div class=\"forminator-row\"><div id=\"checkbox-1\" class=\"forminator-field-checkbox forminator-col forminator-col-12\"><div role=\"group\" class=\"forminator-field required\" aria-labelledby=\"forminator-checkbox-group-forminator-field-checkbox-1-69dd34a9ef641-label\"><span id=\"forminator-checkbox-group-forminator-field-checkbox-1-69dd34a9ef641-label\" class=\"forminator-label\">Casilla de verificaci\u00f3n <span class=\"forminator-required\">*<\/span><\/span><label id=\"forminator-field-checkbox-1-1-69dd34a9ef641-label\" for=\"forminator-field-checkbox-1-1-69dd34a9ef641\" class=\"forminator-checkbox\" title=\"Al enviar este formulario, acepta nuestra Pol\u00edtica de Privacidad\"><input type=\"checkbox\" name=\"checkbox-1[]\" value=\"one\" id=\"forminator-field-checkbox-1-1-69dd34a9ef641\" aria-labelledby=\"forminator-field-checkbox-1-1-69dd34a9ef641-label\" data-calculation=\"0\" checked=\"checked\"  data-hidden-behavior=\"zero\"\/><span class=\"forminator-checkbox-box\" aria-hidden=\"true\"><\/span><span class=\"forminator-checkbox-label\">Al enviar este formulario, acepta nuestra Pol\u00edtica de Privacidad<\/span><\/label><\/div><\/div><\/div><input type=\"hidden\" name=\"referer_url\" value=\"\" \/><div class=\"forminator-row forminator-row-last\"><div class=\"forminator-col\"><div class=\"forminator-field\"><button class=\"forminator-button forminator-button-submit\">SEND<\/button><\/div><\/div><\/div><input type=\"hidden\" id=\"forminator_nonce\" name=\"forminator_nonce\" value=\"97fcbbe561\" \/><input type=\"hidden\" name=\"_wp_http_referer\" value=\"\/en\/wp-json\/wp\/v2\/pages\/376\" \/><input type=\"hidden\" name=\"form_id\" value=\"2915\"><input type=\"hidden\" name=\"page_id\" value=\"376\"><input type=\"hidden\" name=\"form_type\" value=\"default\"><input type=\"hidden\" name=\"current_url\" value=\"https:\/\/lasestacionesdelaermita.es\/en\/contacto\/\"><input type=\"hidden\" name=\"render_id\" value=\"0\"><input type=\"hidden\" name=\"action\" value=\"forminator_submit_form_custom-forms\"><input type=\"hidden\" name=\"trp-form-language\" value=\"en\"\/><\/form>\n<\/div><\/div><\/div>\n\n\n\n<div class=\"wp-block-stackable-column stk-block-column stk-column stk-block stk-6307f47\" data-v=\"4\" data-block-id=\"6307f47\"><style>@media screen and (min-width: 768px){.stk-6307f47 {flex:var(--stk-flex-grow, 1) 1 calc(18% - var(--stk-column-gap, 0px) * 2 \/ 3 ) !important;}}<\/style><div class=\"stk-column-wrapper stk-block-column__content stk-container stk-6307f47-container stk--no-background stk--no-padding\"><div class=\"stk-block-content stk-inner-blocks stk-6307f47-inner-blocks\"><\/div><\/div><\/div>\n<\/div><\/div>\n\n\n\n<div class=\"wp-block-uagb-container uagb-block-75f8696e alignfull uagb-is-root-container\">\n<div class=\"wp-block-stackable-columns stk-block-columns stk-block stk-6ddc7ec\" data-block-id=\"6ddc7ec\"><div class=\"stk-row stk-inner-blocks stk-block-content stk-content-align stk-6ddc7ec-column\">\n<div class=\"wp-block-stackable-column stk-block-column stk-column stk-block stk-f8be24d\" data-v=\"4\" data-block-id=\"f8be24d\"><style>.stk-f8be24d {border-top-left-radius:10px !important;border-top-right-radius:10px !important;border-bottom-right-radius:10px !important;border-bottom-left-radius:10px !important;overflow:hidden !important;border-color:var(--ast-global-color-2) !important;}@media screen and (min-width: 768px){.stk-f8be24d {flex:var(--stk-flex-grow, 1) 1 calc(52.3% - var(--stk-column-gap, 0px) * 1 \/ 2 ) !important;}}<\/style><div class=\"stk-column-wrapper stk-block-column__content stk-container stk-f8be24d-container stk--no-background stk--no-padding\"><div class=\"stk-block-content stk-inner-blocks stk-f8be24d-inner-blocks\">\n<div class=\"wp-block-stackable-columns stk-block-columns stk-block stk-5a9d284\" data-block-id=\"5a9d284\"><div class=\"stk-row stk-inner-blocks stk-block-content stk-content-align stk-5a9d284-column\">\n<div class=\"wp-block-stackable-column stk-block-column stk-column stk-block stk-c141909\" data-v=\"4\" data-block-id=\"c141909\"><style>@media screen and (min-width: 768px){.stk-c141909 {flex:var(--stk-flex-grow, 1) 1 calc(21.599999999999994% - var(--stk-column-gap, 0px) * 1 \/ 2 ) !important;}}<\/style><div class=\"stk-column-wrapper stk-block-column__content stk-container stk-c141909-container stk--no-background stk--no-padding\"><div class=\"stk-block-content stk-inner-blocks stk-c141909-inner-blocks\"><\/div><\/div><\/div>\n\n\n\n<div class=\"wp-block-stackable-column stk-block-column stk-column stk-block stk-4f1da13\" data-v=\"4\" data-block-id=\"4f1da13\"><style>.stk-4f1da13 {border-top-left-radius:11px !important;border-top-right-radius:11px !important;border-bottom-right-radius:11px !important;border-bottom-left-radius:11px !important;overflow:hidden !important;border-color:var(--ast-global-color-2) !important;}@media screen and (min-width: 768px){.stk-4f1da13 {flex:var(--stk-flex-grow, 1) 1 calc(78.4% - var(--stk-column-gap, 0px) * 1 \/ 2 ) !important;}}<\/style><div class=\"stk-column-wrapper stk-block-column__content stk-container stk-4f1da13-container stk--no-background stk--no-padding\"><div class=\"stk-block-content stk-inner-blocks stk-4f1da13-inner-blocks\">\n<iframe src=\"https:\/\/www.google.com\/maps\/embed?pb=!1m23!1m12!1m3!1d51507.56885692936!2d-5.433564689171238!3d36.20977303962375!2m3!1f0!2f0!3f0!3m2!1i1024!2i768!4f13.1!4m8!3e6!4m0!4m5!1s0xd0cc1e1b360f21f%3A0x6efa4f1774b6095!2sBar%20restaurante%20Las%20Estaciones%20de%20la%20Ermita%2C%20Calle%20la%20Ermita%2C%20San%20Roque!3m2!1d36.2097627!2d-5.3923635!5e0!3m2!1ses!2ses!4v1749039458100!5m2!1ses!2ses\" width=\"600\" height=\"450\" style=\"border:0;\" allowfullscreen=\"\" loading=\"lazy\" referrerpolicy=\"no-referrer-when-downgrade\"><\/iframe>\n<\/div><\/div><\/div>\n<\/div><\/div>\n<\/div><\/div><\/div>\n\n\n\n<div class=\"wp-block-stackable-column stk-block-column stk-column stk-block stk-9eaf703\" data-v=\"4\" data-block-id=\"9eaf703\"><style>@media screen and (min-width: 768px){.stk-9eaf703 {flex:var(--stk-flex-grow, 1) 1 calc(47.7% - var(--stk-column-gap, 0px) * 1 \/ 2 ) !important;}}<\/style><div class=\"stk-column-wrapper stk-block-column__content stk-container stk-9eaf703-container stk--no-background stk--no-padding\"><div class=\"stk-block-content stk-inner-blocks stk-9eaf703-inner-blocks\">\n<div class=\"wp-block-uagb-info-box uagb-block-1666e81a uagb-infobox__content-wrap  uagb-infobox-icon-above-title uagb-infobox-image-valign-top\"><div class=\"uagb-ifb-content\"><div class=\"uagb-ifb-title-wrap\"><h3 class=\"uagb-ifb-title\"><br>C\/ La Ermita, s\/n<br>11360 San Roque, Cadiz, Spain<\/h3><\/div><p class=\"uagb-ifb-desc\"><strong>Every visit is a time to remember.<\/strong><br>Make your booking and create your own..<\/p><\/div><\/div>\n\n\n\n<div class=\"wp-block-uagb-info-box uagb-block-70028d9d uagb-infobox__content-wrap  uagb-infobox-icon-left-title uagb-infobox-left uagb-infobox-image-valign-top\"><div class=\"uagb-ifb-content\"><div class=\"uagb-ifb-left-title-image\"><div class=\"uagb-ifb-icon-wrap\"><svg xmlns=\"https:\/\/www.w3.org\/2000\/svg\" viewbox=\"0 0 512 512\"><path d=\"M511.2 387l-23.25 100.8c-3.266 14.25-15.79 24.22-30.46 24.22C205.2 512 0 306.8 0 54.5c0-14.66 9.969-27.2 24.22-30.45l100.8-23.25C139.7-2.602 154.7 5.018 160.8 18.92l46.52 108.5c5.438 12.78 1.77 27.67-8.98 36.45L144.5 207.1c33.98 69.22 90.26 125.5 159.5 159.5l44.08-53.8c8.688-10.78 23.69-14.51 36.47-8.975l108.5 46.51C506.1 357.2 514.6 372.4 511.2 387z\"><\/path><\/svg><\/div><div class=\"uagb-ifb-title-wrap\"><h3 class=\"uagb-ifb-title\">Tel. 856 120 493<\/h3><\/div><\/div><div class=\"uagb-ifb-separator\"><\/div><\/div><\/div>\n\n\n\n<div class=\"wp-block-uagb-info-box uagb-block-50599e88 uagb-infobox__content-wrap  uagb-infobox-icon-left-title uagb-infobox-left uagb-infobox-image-valign-top wp-block-uagb-info-box--has-margin\"><div class=\"uagb-infobox-margin-wrapper\"><div class=\"uagb-ifb-content\"><div class=\"uagb-ifb-left-title-image\"><div class=\"uagb-ifb-icon-wrap\"><svg xmlns=\"https:\/\/www.w3.org\/2000\/svg\" viewbox=\"0 0 512 512\"><path d=\"M464 64C490.5 64 512 85.49 512 112C512 127.1 504.9 141.3 492.8 150.4L275.2 313.6C263.8 322.1 248.2 322.1 236.8 313.6L19.2 150.4C7.113 141.3 0 127.1 0 112C0 85.49 21.49 64 48 64H464zM217.6 339.2C240.4 356.3 271.6 356.3 294.4 339.2L512 176V384C512 419.3 483.3 448 448 448H64C28.65 448 0 419.3 0 384V176L217.6 339.2z\"><\/path><\/svg><\/div><div class=\"uagb-ifb-title-wrap\"><h3 class=\"uagb-ifb-title\">E-mail<\/h3><\/div><\/div><p class=\"uagb-ifb-desc\">reservas@lasestacionesdelaermita.es<br><\/p><\/div><\/div><\/div>\n\n\n\n<div class=\"wp-block-uagb-info-box uagb-block-43cbe647 uagb-infobox__content-wrap  uagb-infobox-icon-left-title uagb-infobox-left uagb-infobox-image-valign-top\"><div class=\"uagb-ifb-content\"><div class=\"uagb-ifb-left-title-image\"><div class=\"uagb-ifb-icon-wrap\"><svg xmlns=\"https:\/\/www.w3.org\/2000\/svg\" viewbox=\"0 0 512 512\"><path d=\"M256 512C114.6 512 0 397.4 0 256C0 114.6 114.6 0 256 0C397.4 0 512 114.6 512 256C512 397.4 397.4 512 256 512zM232 256C232 264 236 271.5 242.7 275.1L338.7 339.1C349.7 347.3 364.6 344.3 371.1 333.3C379.3 322.3 376.3 307.4 365.3 300L280 243.2V120C280 106.7 269.3 96 255.1 96C242.7 96 231.1 106.7 231.1 120L232 256z\"><\/path><\/svg><\/div><div class=\"uagb-ifb-title-wrap\"><h3 class=\"uagb-ifb-title\">Horario<\/h3><\/div><\/div><p class=\"uagb-ifb-desc\"><strong>Abierto de Lunes a S\u00e1bado Abierto |Horario Ininterrumpido<br>Lunes a Viernes:  7:30 a 23:00<br>S\u00e1bados y festivos: 9:00 a 23:00 <\/strong><\/p><\/div><\/div>\n\n\n\n<div class=\"wp-block-uagb-info-box uagb-block-b2a22b02 uagb-infobox__content-wrap  uagb-infobox-icon-left-title uagb-infobox-left uagb-infobox-image-valign-top\"><div class=\"uagb-ifb-content\"><div class=\"uagb-ifb-left-title-image\"><div class=\"uagb-ifb-icon-wrap\"><svg xmlns=\"https:\/\/www.w3.org\/2000\/svg\" viewbox=\"0 0 448 512\"><path d=\"M192 256V192H240C257.7 192 272 206.3 272 224C272 241.7 257.7 256 240 256H192zM384 32C419.3 32 448 60.65 448 96V416C448 451.3 419.3 480 384 480H64C28.65 480 0 451.3 0 416V96C0 60.65 28.65 32 64 32H384zM336 224C336 170.1 293 128 240 128H168C145.9 128 128 145.9 128 168V352C128 369.7 142.3 384 160 384C177.7 384 192 369.7 192 352V320H240C293 320 336 277 336 224z\"><\/path><\/svg><\/div><div class=\"uagb-ifb-title-wrap\"><h3 class=\"uagb-ifb-title\">Easy Parking<\/h3><\/div><\/div><\/div><\/div>\n<\/div><\/div><\/div>\n<\/div><\/div>\n<\/div>","protected":false},"excerpt":{"rendered":"<p>Bookings<\/p>","protected":false},"author":1,"featured_media":0,"parent":0,"menu_order":0,"comment_status":"closed","ping_status":"closed","template":"","meta":{"_uag_custom_page_level_css":"","site-sidebar-layout":"no-sidebar","site-content-layout":"plain-container","ast-site-content-layout":"normal-width-container","site-content-style":"unboxed","site-sidebar-style":"unboxed","ast-global-header-display":"","ast-banner-title-visibility":"","ast-main-header-display":"","ast-hfb-above-header-display":"","ast-hfb-below-header-display":"","ast-hfb-mobile-header-display":"","site-post-title":"disabled","ast-breadcrumbs-content":"","ast-featured-img":"","footer-sml-layout":"","theme-transparent-header-meta":"enabled","adv-header-id-meta":"","stick-header-meta":"","header-above-stick-meta":"","header-main-stick-meta":"","header-below-stick-meta":"","astra-migrate-meta-layouts":"set","ast-page-background-enabled":"default","ast-page-background-meta":{"desktop":{"background-color":"","background-image":"","background-repeat":"repeat","background-position":"center center","background-size":"auto","background-attachment":"scroll","background-type":"","background-media":"","overlay-type":"","overlay-color":"","overlay-opacity":"","overlay-gradient":""},"tablet":{"background-color":"","background-image":"","background-repeat":"repeat","background-position":"center center","background-size":"auto","background-attachment":"scroll","background-type":"","background-media":"","overlay-type":"","overlay-color":"","overlay-opacity":"","overlay-gradient":""},"mobile":{"background-color":"","background-image":"","background-repeat":"repeat","background-position":"center center","background-size":"auto","background-attachment":"scroll","background-type":"","background-media":"","overlay-type":"","overlay-color":"","overlay-opacity":"","overlay-gradient":""}},"ast-content-background-meta":{"desktop":{"background-color":"var(--ast-global-color-5)","background-image":"","background-repeat":"repeat","background-position":"center center","background-size":"auto","background-attachment":"scroll","background-type":"","background-media":"","overlay-type":"","overlay-color":"","overlay-opacity":"","overlay-gradient":""},"tablet":{"background-color":"var(--ast-global-color-5)","background-image":"","background-repeat":"repeat","background-position":"center center","background-size":"auto","background-attachment":"scroll","background-type":"","background-media":"","overlay-type":"","overlay-color":"","overlay-opacity":"","overlay-gradient":""},"mobile":{"background-color":"var(--ast-global-color-5)","background-image":"","background-repeat":"repeat","background-position":"center center","background-size":"auto","background-attachment":"scroll","background-type":"","background-media":"","overlay-type":"","overlay-color":"","overlay-opacity":"","overlay-gradient":""}},"footnotes":""},"class_list":["post-376","page","type-page","status-publish","hentry"],"uagb_featured_image_src":{"full":false,"thumbnail":false,"medium":false,"medium_large":false,"large":false,"1536x1536":false,"2048x2048":false,"trp-custom-language-flag":false},"uagb_author_info":{"display_name":"palenciapatricia88","author_link":"https:\/\/lasestacionesdelaermita.es\/en\/author\/palenciapatricia88\/"},"uagb_comment_info":0,"uagb_excerpt":"Reservas","_links":{"self":[{"href":"https:\/\/lasestacionesdelaermita.es\/en\/wp-json\/wp\/v2\/pages\/376","targetHints":{"allow":["GET"]}}],"collection":[{"href":"https:\/\/lasestacionesdelaermita.es\/en\/wp-json\/wp\/v2\/pages"}],"about":[{"href":"https:\/\/lasestacionesdelaermita.es\/en\/wp-json\/wp\/v2\/types\/page"}],"author":[{"embeddable":true,"href":"https:\/\/lasestacionesdelaermita.es\/en\/wp-json\/wp\/v2\/users\/1"}],"replies":[{"embeddable":true,"href":"https:\/\/lasestacionesdelaermita.es\/en\/wp-json\/wp\/v2\/comments?post=376"}],"version-history":[{"count":65,"href":"https:\/\/lasestacionesdelaermita.es\/en\/wp-json\/wp\/v2\/pages\/376\/revisions"}],"predecessor-version":[{"id":3217,"href":"https:\/\/lasestacionesdelaermita.es\/en\/wp-json\/wp\/v2\/pages\/376\/revisions\/3217"}],"wp:attachment":[{"href":"https:\/\/lasestacionesdelaermita.es\/en\/wp-json\/wp\/v2\/media?parent=376"}],"curies":[{"name":"wp","href":"https:\/\/api.w.org\/{rel}","templated":true}]}}